{"id":13983,"date":"2021-03-18T10:30:31","date_gmt":"2021-03-18T16:30:31","guid":{"rendered":"https:\/\/rolltexinc.com\/?page_id=13983"},"modified":"2021-05-07T10:28:45","modified_gmt":"2021-05-07T16:28:45","slug":"our-history","status":"publish","type":"page","link":"https:\/\/www.rolltexinc.com\/es\/our-history\/","title":{"rendered":"Our History"},"content":{"rendered":"<div data-elementor-type=\"wp-page\" data-elementor-id=\"13983\" class=\"elementor elementor-13983\">\n\t\t\t\t\t\t<div class=\"elementor-inner\">\n\t\t\t\t<div class=\"elementor-section-wrap\">\n\t\t\t\t\t\t\t\t\t<section class=\"elementor-section elementor-top-section elementor-element elementor-element-ec200c2 elementor-section-boxed elementor-section-height-default elementor-section-height-default\" data-id=\"ec200c2\" data-element_type=\"section\" data-settings=\"{&quot;background_background&quot;:&quot;classic&quot;}\">\n\t\t\t\t\t\t<div class=\"elementor-container elementor-column-gap-default\">\n\t\t\t\t\t\t\t<div class=\"elementor-row\">\n\t\t\t\t\t<div class=\"elementor-column elementor-col-100 elementor-top-column elementor-element elementor-element-5f3bfb8\" data-id=\"5f3bfb8\" data-element_type=\"column\">\n\t\t\t<div class=\"elementor-column-wrap elementor-element-populated\">\n\t\t\t\t\t\t\t<div class=\"elementor-widget-wrap\">\n\t\t\t\t\t\t<div class=\"elementor-element elementor-element-1ad8233 elementor-widget elementor-widget-heading\" data-id=\"1ad8233\" data-element_type=\"widget\" data-widget_type=\"heading.default\">\n\t\t\t\t<div class=\"elementor-widget-container\">\n\t\t\t<h1 class=\"elementor-heading-title elementor-size-default\">Our History<\/h1>\t\t<\/div>\n\t\t\t\t<\/div>\n\t\t\t\t\t\t<\/div>\n\t\t\t\t\t<\/div>\n\t\t<\/div>\n\t\t\t\t\t\t\t\t<\/div>\n\t\t\t\t\t<\/div>\n\t\t<\/section>\n\t\t\t\t<section class=\"elementor-section elementor-top-section elementor-element elementor-element-01fd5ec elementor-section-boxed elementor-section-height-default elementor-section-height-default\" data-id=\"01fd5ec\" data-element_type=\"section\">\n\t\t\t\t\t\t<div class=\"elementor-container elementor-column-gap-default\">\n\t\t\t\t\t\t\t<div class=\"elementor-row\">\n\t\t\t\t\t<div class=\"elementor-column elementor-col-100 elementor-top-column elementor-element elementor-element-040f207\" data-id=\"040f207\" data-element_type=\"column\">\n\t\t\t<div class=\"elementor-column-wrap elementor-element-populated\">\n\t\t\t\t\t\t\t<div class=\"elementor-widget-wrap\">\n\t\t\t\t\t\t<div class=\"elementor-element elementor-element-a722ff4 elementor-widget elementor-widget-text-editor\" data-id=\"a722ff4\" data-element_type=\"widget\" data-widget_type=\"text-editor.default\">\n\t\t\t\t<div class=\"elementor-widget-container\">\n\t\t\t\t\t\t\t\t<div class=\"elementor-text-editor elementor-clearfix\">\n\t\t\t\t<p>La idea de Rolltex comenz\u00f3 en un viaje de pesca con mosca a principios de los a\u00f1os 70. Jimmy Floyd, un padre joven, exitoso vendedor de unidades de bombeo de American Manufacturing Company, estaba hablando con sus amigos en el camino a casa despu\u00e9s de ese viaje de pesca en Colorado. Como la mayor\u00eda de los pap\u00e1s j\u00f3venes, al preocuparse por el futuro de sus hijos, el tema de discusi\u00f3n se centr\u00f3 en c\u00f3mo ganar un dinero extra para ayudar a sus cuatro hijos a asistir a la universidad. Dos de los amigos del viaje eran Mickey T. y Tad F., fundadores de Associated Dynamics. Sugirieron que Jimmy se dedicara al negocio de los rodamientos, utilizando a ADI como fuente de rodamientos. Despu\u00e9s de varias horas, el grupo elabor\u00f3 \u200b\u200bun plan de negocios y naci\u00f3 el concepto de Rolltex Bearing.<\/p><p>En 1974, con una inversi\u00f3n de $ 500 y m\u00e1s tarde un pr\u00e9stamo comercial de sus padres, Jimmy Floyd fund\u00f3 Rolltex en su garaje. Jimmy instal\u00f3 inventarios consignados en toda la Cuenca P\u00e9rmica, cargando el Suburban todos los viernes, verificando los env\u00edos, reabasteciendo los estantes y contando cu\u00e1nto dinero gan\u00f3 de camino a casa.<\/p><p>Como saben, Rolltex se inici\u00f3 originalmente para ayudar a pagar la universidad de sus cuatro hijos. Con esa misi\u00f3n cumplida, su peor pesadilla (es broma) se hizo realidad y tres de sus hijos volvieron a trabajar para \u00e9l, junto con dos de sus c\u00f3nyuges. <a href=\"https:\/\/www.rolltexinc.com\/wp-content\/uploads\/2021\/01\/1-e1617903662442.png\"><img loading=\"lazy\" class=\"wp-image-2572 alignright\" src=\"https:\/\/www.rolltexinc.com\/wp-content\/uploads\/2021\/01\/1-e1617903662442-300x146.png\" alt=\"\" width=\"414\" height=\"202\" srcset=\"https:\/\/www.rolltexinc.com\/wp-content\/uploads\/2021\/01\/1-e1617903662442-300x146.png 300w, https:\/\/www.rolltexinc.com\/wp-content\/uploads\/2021\/01\/1-e1617903662442-600x292.png 600w, https:\/\/www.rolltexinc.com\/wp-content\/uploads\/2021\/01\/1-e1617903662442-1024x499.png 1024w, https:\/\/www.rolltexinc.com\/wp-content\/uploads\/2021\/01\/1-e1617903662442-768x374.png 768w, https:\/\/www.rolltexinc.com\/wp-content\/uploads\/2021\/01\/1-e1617903662442-1536x749.png 1536w, https:\/\/www.rolltexinc.com\/wp-content\/uploads\/2021\/01\/1-e1617903662442-2048x998.png 2048w\" sizes=\"(max-width: 414px) 100vw, 414px\" \/><\/a><\/p><p>Los propietarios actuales, Jay Floyd, Renee F. Rogers y Scott Rogers han estado aqu\u00ed desde 1989. Nos mudamos a nuestra ubicaci\u00f3n actual, un almac\u00e9n de 10,000 pies cuadrados, en 1991. Desde entonces, hemos expandido nuestro inventario a m\u00e1s de 15,000 n\u00fameros de pieza y m\u00e1s de 30 categor\u00edas de productos. Hoy, Rolltex se enorgullece de decir que somos una empresa familiar de tercera generaci\u00f3n con dos nietos de Jimmy que ahora trabajan para la empresa.<\/p><p>Mientras seguimos sirviendo a la industria de unidades de bombeo con cojinetes de calidad, hemos ampliado enormemente nuestras l\u00edneas de productos para satisfacer muchas necesidades de suministro industrial.\u00a0<span style=\"color: var( --e-global-color-text ); font-size: 15px;\">Siempre estamos buscando l\u00edneas de productos que podamos agregar que ayuden a nuestros clientes. Adem\u00e1s de proporcionar un producto de calidad con un servicio al cliente insuperable, nuestro objetivo es resolver los problemas de nuestros clientes.<\/span><\/p>\t\t\t\t\t<\/div>\n\t\t\t\t\t\t<\/div>\n\t\t\t\t<\/div>\n\t\t\t\t<div class=\"elementor-element elementor-element-38e010e elementor-widget elementor-widget-spacer\" data-id=\"38e010e\" data-element_type=\"widget\" data-widget_type=\"spacer.default\">\n\t\t\t\t<div class=\"elementor-widget-container\">\n\t\t\t\t\t<div class=\"elementor-spacer\">\n\t\t\t<div class=\"elementor-spacer-inner\"><\/div>\n\t\t<\/div>\n\t\t\t\t<\/div>\n\t\t\t\t<\/div>\n\t\t\t\t\t\t<\/div>\n\t\t\t\t\t<\/div>\n\t\t<\/div>\n\t\t\t\t\t\t\t\t<\/div>\n\t\t\t\t\t<\/div>\n\t\t<\/section>\n\t\t\t\t\t\t\t\t\t<\/div>\n\t\t\t<\/div>\n\t\t\t\t\t<\/div>","protected":false},"excerpt":{"rendered":"<p>Our History The idea of Rolltex started on a fly fishing trip back in the early 70\u2019s. Jimmy Floyd, a young dad, successful Pumping Unit salesman for American Manufacturing Company, was talking with his friends on the way home from that fishing trip in Colorado. Like most young dads, worrying about his kids future, the &hellip;<\/p>\n<p class=\"read-more\"> <a class=\"\" href=\"https:\/\/www.rolltexinc.com\/es\/our-history\/\"> <span class=\"screen-reader-text\">Our History<\/span> Leer m\u00e1s &raquo;<\/a><\/p>","protected":false},"author":4,"featured_media":0,"parent":0,"menu_order":0,"comment_status":"closed","ping_status":"closed","template":"","meta":{"_mi_skip_tracking":false,"site-sidebar-layout":"no-sidebar","site-content-layout":"page-builder","ast-main-header-display":"","ast-hfb-above-header-display":"","ast-hfb-below-header-display":"","ast-hfb-mobile-header-display":"","site-post-title":"disabled","ast-breadcrumbs-content":"","ast-featured-img":"disabled","footer-sml-layout":"","theme-transparent-header-meta":"default","adv-header-id-meta":"","stick-header-meta":"","header-above-stick-meta":"","header-main-stick-meta":"","header-below-stick-meta":""},"_links":{"self":[{"href":"https:\/\/www.rolltexinc.com\/es\/wp-json\/wp\/v2\/pages\/13983"}],"collection":[{"href":"https:\/\/www.rolltexinc.com\/es\/wp-json\/wp\/v2\/pages"}],"about":[{"href":"https:\/\/www.rolltexinc.com\/es\/wp-json\/wp\/v2\/types\/page"}],"author":[{"embeddable":true,"href":"https:\/\/www.rolltexinc.com\/es\/wp-json\/wp\/v2\/users\/4"}],"replies":[{"embeddable":true,"href":"https:\/\/www.rolltexinc.com\/es\/wp-json\/wp\/v2\/comments?post=13983"}],"version-history":[{"count":49,"href":"https:\/\/www.rolltexinc.com\/es\/wp-json\/wp\/v2\/pages\/13983\/revisions"}],"predecessor-version":[{"id":14413,"href":"https:\/\/www.rolltexinc.com\/es\/wp-json\/wp\/v2\/pages\/13983\/revisions\/14413"}],"wp:attachment":[{"href":"https:\/\/www.rolltexinc.com\/es\/wp-json\/wp\/v2\/media?parent=13983"}],"curies":[{"name":"wp","href":"https:\/\/api.w.org\/{rel}","templated":true}]}}