{"id":577,"date":"2020-12-09T10:04:25","date_gmt":"2020-12-09T16:04:25","guid":{"rendered":"https:\/\/rolltexinc.com\/?page_id=577"},"modified":"2021-05-07T10:52:04","modified_gmt":"2021-05-07T16:52:04","slug":"bearings","status":"publish","type":"page","link":"https:\/\/www.rolltexinc.com\/es\/bearings\/","title":{"rendered":"Bearings"},"content":{"rendered":"<div data-elementor-type=\"wp-page\" data-elementor-id=\"577\" class=\"elementor elementor-577\">\n\t\t\t\t\t\t<div class=\"elementor-inner\">\n\t\t\t\t<div class=\"elementor-section-wrap\">\n\t\t\t\t\t\t\t\t\t<section class=\"elementor-section elementor-top-section elementor-element elementor-element-bd63551 elementor-section-boxed elementor-section-height-default elementor-section-height-default\" data-id=\"bd63551\" data-element_type=\"section\" data-settings=\"{&quot;background_background&quot;:&quot;slideshow&quot;,&quot;background_slideshow_gallery&quot;:[{&quot;id&quot;:2623,&quot;url&quot;:&quot;https:\\\/\\\/www.rolltexinc.com\\\/wp-content\\\/uploads\\\/2021\\\/01\\\/Spherical-Bearings.jpg&quot;},{&quot;id&quot;:2624,&quot;url&quot;:&quot;https:\\\/\\\/www.rolltexinc.com\\\/wp-content\\\/uploads\\\/2021\\\/01\\\/Tapered-Bearings.jpg&quot;},{&quot;id&quot;:2604,&quot;url&quot;:&quot;https:\\\/\\\/www.rolltexinc.com\\\/wp-content\\\/uploads\\\/2021\\\/01\\\/Ball-Bearings-e1610474524218.jpg&quot;},{&quot;id&quot;:2606,&quot;url&quot;:&quot;https:\\\/\\\/www.rolltexinc.com\\\/wp-content\\\/uploads\\\/2021\\\/01\\\/Cyllindrical-Bearings-1.jpg&quot;},{&quot;id&quot;:2611,&quot;url&quot;:&quot;https:\\\/\\\/www.rolltexinc.com\\\/wp-content\\\/uploads\\\/2021\\\/01\\\/Mounted-Bearings-2.jpg&quot;},{&quot;id&quot;:2612,&quot;url&quot;:&quot;https:\\\/\\\/www.rolltexinc.com\\\/wp-content\\\/uploads\\\/2021\\\/01\\\/Needle-Bearings.jpg&quot;}],&quot;background_slideshow_loop&quot;:&quot;yes&quot;,&quot;background_slideshow_slide_duration&quot;:5000,&quot;background_slideshow_slide_transition&quot;:&quot;fade&quot;,&quot;background_slideshow_transition_duration&quot;:500}\">\n\t\t\t\t\t\t<div class=\"elementor-container elementor-column-gap-default\">\n\t\t\t\t\t\t\t<div class=\"elementor-row\">\n\t\t\t\t\t<div class=\"elementor-column elementor-col-100 elementor-top-column elementor-element elementor-element-714ce92\" data-id=\"714ce92\" data-element_type=\"column\">\n\t\t\t<div class=\"elementor-column-wrap elementor-element-populated\">\n\t\t\t\t\t\t\t<div class=\"elementor-widget-wrap\">\n\t\t\t\t\t\t<div class=\"elementor-element elementor-element-21746dd elementor-widget elementor-widget-heading\" data-id=\"21746dd\" data-element_type=\"widget\" data-widget_type=\"heading.default\">\n\t\t\t\t<div class=\"elementor-widget-container\">\n\t\t\t<h2 class=\"elementor-heading-title elementor-size-default\"><b>Bearings<\/b><\/h2>\t\t<\/div>\n\t\t\t\t<\/div>\n\t\t\t\t\t\t<\/div>\n\t\t\t\t\t<\/div>\n\t\t<\/div>\n\t\t\t\t\t\t\t\t<\/div>\n\t\t\t\t\t<\/div>\n\t\t<\/section>\n\t\t\t\t<section class=\"elementor-section elementor-top-section elementor-element elementor-element-64f25fb elementor-section-boxed elementor-section-height-default elementor-section-height-default\" data-id=\"64f25fb\" data-element_type=\"section\">\n\t\t\t\t\t\t<div class=\"elementor-container elementor-column-gap-default\">\n\t\t\t\t\t\t\t<div class=\"elementor-row\">\n\t\t\t\t\t<div class=\"elementor-column elementor-col-100 elementor-top-column elementor-element elementor-element-4b37ead\" data-id=\"4b37ead\" data-element_type=\"column\">\n\t\t\t<div class=\"elementor-column-wrap elementor-element-populated\">\n\t\t\t\t\t\t\t<div class=\"elementor-widget-wrap\">\n\t\t\t\t\t\t<section class=\"elementor-section elementor-inner-section elementor-element elementor-element-4440bcd elementor-section-boxed elementor-section-height-default elementor-section-height-default\" data-id=\"4440bcd\" data-element_type=\"section\">\n\t\t\t\t\t\t<div class=\"elementor-container elementor-column-gap-default\">\n\t\t\t\t\t\t\t<div class=\"elementor-row\">\n\t\t\t\t\t<div class=\"elementor-column elementor-col-100 elementor-inner-column elementor-element elementor-element-f900028\" data-id=\"f900028\" data-element_type=\"column\">\n\t\t\t<div class=\"elementor-column-wrap elementor-element-populated\">\n\t\t\t\t\t\t\t<div class=\"elementor-widget-wrap\">\n\t\t\t\t\t\t<div class=\"elementor-element elementor-element-6985839 elementor-widget elementor-widget-heading\" data-id=\"6985839\" data-element_type=\"widget\" data-widget_type=\"heading.default\">\n\t\t\t\t<div class=\"elementor-widget-container\">\n\t\t\t<h3 class=\"elementor-heading-title elementor-size-medium\"><a href=\"https:\/\/www.rolltexinc.com\/es\/product-list\/\">Ball Bearings<\/a><\/h3>\t\t<\/div>\n\t\t\t\t<\/div>\n\t\t\t\t<div class=\"elementor-element elementor-element-26b969d elementor-widget elementor-widget-text-editor\" data-id=\"26b969d\" data-element_type=\"widget\" data-widget_type=\"text-editor.default\">\n\t\t\t\t<div class=\"elementor-widget-container\">\n\t\t\t\t\t\t\t\t<div class=\"elementor-text-editor elementor-clearfix\">\n\t\t\t\t<p><a href=\"https:\/\/www.rolltexinc.com\/wp-content\/uploads\/2021\/01\/Ball-Bearings-e1610474524218.jpg\"><img loading=\"lazy\" class=\"size-medium wp-image-2604 alignright\" src=\"https:\/\/www.rolltexinc.com\/wp-content\/uploads\/2021\/01\/Ball-Bearings-e1610474524218-300x240.jpg\" alt=\"\" width=\"300\" height=\"240\" srcset=\"https:\/\/www.rolltexinc.com\/wp-content\/uploads\/2021\/01\/Ball-Bearings-e1610474524218-300x240.jpg 300w, https:\/\/www.rolltexinc.com\/wp-content\/uploads\/2021\/01\/Ball-Bearings-e1610474524218.jpg 387w\" sizes=\"(max-width: 300px) 100vw, 300px\" \/><\/a><strong>Rodamientos r\u00edgidos de bolas<\/strong> son uno de los rodamientos m\u00e1s utilizados en el mercado. <strong>Rodamientos de bolas<\/strong> est\u00e1n dise\u00f1ados para mantener la separaci\u00f3n entre las pistas de los rodamientos, reduciendo la fricci\u00f3n rotacional y el apoyo en las cargas radiales y axiales.<\/p><p>Rolltex Bearings almacena una l\u00ednea completa de <strong>rodamientos de bolas<\/strong> en ambos <strong>metric<\/strong> y <strong>inch<\/strong> Tama\u00f1os. Almacenamos, pero no nos limitamos a, <strong>Single Row<\/strong>, <strong>Double Row<\/strong>, <strong>Self-Aligning<\/strong>, y <strong>Inch Series<\/strong> ball bearings.<\/p><p>Si no almacenamos lo que est\u00e1 buscando, nuestro personal capacitado podr\u00e1 buscarlo por usted.<\/p>\t\t\t\t\t<\/div>\n\t\t\t\t\t\t<\/div>\n\t\t\t\t<\/div>\n\t\t\t\t\t\t<\/div>\n\t\t\t\t\t<\/div>\n\t\t<\/div>\n\t\t\t\t\t\t\t\t<\/div>\n\t\t\t\t\t<\/div>\n\t\t<\/section>\n\t\t\t\t\t\t<\/div>\n\t\t\t\t\t<\/div>\n\t\t<\/div>\n\t\t\t\t\t\t\t\t<\/div>\n\t\t\t\t\t<\/div>\n\t\t<\/section>\n\t\t\t\t<section class=\"elementor-section elementor-top-section elementor-element elementor-element-0f1601f elementor-section-boxed elementor-section-height-default elementor-section-height-default\" data-id=\"0f1601f\" data-element_type=\"section\">\n\t\t\t\t\t\t<div class=\"elementor-container elementor-column-gap-default\">\n\t\t\t\t\t\t\t<div class=\"elementor-row\">\n\t\t\t\t\t<div class=\"elementor-column elementor-col-100 elementor-top-column elementor-element elementor-element-fc97210\" data-id=\"fc97210\" data-element_type=\"column\">\n\t\t\t<div class=\"elementor-column-wrap elementor-element-populated\">\n\t\t\t\t\t\t\t<div class=\"elementor-widget-wrap\">\n\t\t\t\t\t\t<section class=\"elementor-section elementor-inner-section elementor-element elementor-element-2fb801b elementor-section-boxed elementor-section-height-default elementor-section-height-default\" data-id=\"2fb801b\" data-element_type=\"section\">\n\t\t\t\t\t\t<div class=\"elementor-container elementor-column-gap-default\">\n\t\t\t\t\t\t\t<div class=\"elementor-row\">\n\t\t\t\t\t<div class=\"elementor-column elementor-col-100 elementor-inner-column elementor-element elementor-element-b27c20c\" data-id=\"b27c20c\" data-element_type=\"column\">\n\t\t\t<div class=\"elementor-column-wrap elementor-element-populated\">\n\t\t\t\t\t\t\t<div class=\"elementor-widget-wrap\">\n\t\t\t\t\t\t<div class=\"elementor-element elementor-element-0b4f95a elementor-widget elementor-widget-heading\" data-id=\"0b4f95a\" data-element_type=\"widget\" data-widget_type=\"heading.default\">\n\t\t\t\t<div class=\"elementor-widget-container\">\n\t\t\t<h3 class=\"elementor-heading-title elementor-size-medium\"><a href=\"https:\/\/www.rolltexinc.com\/es\/product-list\/\">Cylindrical Bearings, Needle Bearings, and Cam Followers<\/a><\/h3>\t\t<\/div>\n\t\t\t\t<\/div>\n\t\t\t\t<div class=\"elementor-element elementor-element-9bd5127 elementor-widget elementor-widget-text-editor\" data-id=\"9bd5127\" data-element_type=\"widget\" data-widget_type=\"text-editor.default\">\n\t\t\t\t<div class=\"elementor-widget-container\">\n\t\t\t\t\t\t\t\t<div class=\"elementor-text-editor elementor-clearfix\">\n\t\t\t\t<p><a href=\"https:\/\/www.rolltexinc.com\/wp-content\/uploads\/2021\/01\/Cyllindrical-Bearings-2.jpg\"><img loading=\"lazy\" class=\"size-medium wp-image-2607 alignright\" src=\"https:\/\/www.rolltexinc.com\/wp-content\/uploads\/2021\/01\/Cyllindrical-Bearings-2-300x200.jpg\" alt=\"\" width=\"300\" height=\"200\" srcset=\"https:\/\/www.rolltexinc.com\/wp-content\/uploads\/2021\/01\/Cyllindrical-Bearings-2-300x200.jpg 300w, https:\/\/www.rolltexinc.com\/wp-content\/uploads\/2021\/01\/Cyllindrical-Bearings-2.jpg 500w\" sizes=\"(max-width: 300px) 100vw, 300px\" \/><\/a><strong>Rodamientos de rodillos cil\u00edndricos<\/strong> obtienen su nombre de su dise\u00f1o. A diferencia de otros rodamientos que usan bolas, los rodamientos cil\u00edndricos usan cilindros para su elemento rodante. <strong>Rodamientos de rodillos cil\u00edndricos<\/strong> pueden soportar cargas radiales m\u00e1s grandes y velocidades m\u00e1s altas.<\/p><p>En Rolltex llevamos <strong>Rodamientos de rodillos cil\u00edndricos<\/strong> en las series 200, 300, 5200, 5300, NU, NJ, 1000 y 2000 con pistas internas y externas separables y fijas. Tambi\u00e9n contamos con un inventario de rodamientos de agujas para trabajo pesado rectificados con precisi\u00f3n, rodamientos de agujas de copa dibujada de pistas interiores, seguidores de leva (tipo esp\u00e1rrago y yugo pesado) y rodamientos de poleas y gu\u00edas de m\u00e1stil.<\/p>\t\t\t\t\t<\/div>\n\t\t\t\t\t\t<\/div>\n\t\t\t\t<\/div>\n\t\t\t\t\t\t<\/div>\n\t\t\t\t\t<\/div>\n\t\t<\/div>\n\t\t\t\t\t\t\t\t<\/div>\n\t\t\t\t\t<\/div>\n\t\t<\/section>\n\t\t\t\t\t\t<\/div>\n\t\t\t\t\t<\/div>\n\t\t<\/div>\n\t\t\t\t\t\t\t\t<\/div>\n\t\t\t\t\t<\/div>\n\t\t<\/section>\n\t\t\t\t<section class=\"elementor-section elementor-top-section elementor-element elementor-element-d50588d elementor-section-boxed elementor-section-height-default elementor-section-height-default\" data-id=\"d50588d\" data-element_type=\"section\">\n\t\t\t\t\t\t<div class=\"elementor-container elementor-column-gap-default\">\n\t\t\t\t\t\t\t<div class=\"elementor-row\">\n\t\t\t\t\t<div class=\"elementor-column elementor-col-100 elementor-top-column elementor-element elementor-element-5c8c29a\" data-id=\"5c8c29a\" data-element_type=\"column\">\n\t\t\t<div class=\"elementor-column-wrap elementor-element-populated\">\n\t\t\t\t\t\t\t<div class=\"elementor-widget-wrap\">\n\t\t\t\t\t\t<section class=\"elementor-section elementor-inner-section elementor-element elementor-element-7cbb7de elementor-section-boxed elementor-section-height-default elementor-section-height-default\" data-id=\"7cbb7de\" data-element_type=\"section\">\n\t\t\t\t\t\t<div class=\"elementor-container elementor-column-gap-default\">\n\t\t\t\t\t\t\t<div class=\"elementor-row\">\n\t\t\t\t\t<div class=\"elementor-column elementor-col-100 elementor-inner-column elementor-element elementor-element-546e0d4\" data-id=\"546e0d4\" data-element_type=\"column\">\n\t\t\t<div class=\"elementor-column-wrap elementor-element-populated\">\n\t\t\t\t\t\t\t<div class=\"elementor-widget-wrap\">\n\t\t\t\t\t\t<div class=\"elementor-element elementor-element-a29934e elementor-widget elementor-widget-heading\" data-id=\"a29934e\" data-element_type=\"widget\" data-widget_type=\"heading.default\">\n\t\t\t\t<div class=\"elementor-widget-container\">\n\t\t\t<h3 class=\"elementor-heading-title elementor-size-medium\"><a href=\"https:\/\/www.rolltexinc.com\/es\/product-list\/\">Mounted Units<\/a><\/h3>\t\t<\/div>\n\t\t\t\t<\/div>\n\t\t\t\t<div class=\"elementor-element elementor-element-30e6c76 elementor-widget elementor-widget-text-editor\" data-id=\"30e6c76\" data-element_type=\"widget\" data-widget_type=\"text-editor.default\">\n\t\t\t\t<div class=\"elementor-widget-container\">\n\t\t\t\t\t\t\t\t<div class=\"elementor-text-editor elementor-clearfix\">\n\t\t\t\t<p><a href=\"https:\/\/www.rolltexinc.com\/wp-content\/uploads\/2021\/01\/Mounted-Bearings-2.jpg\"><img loading=\"lazy\" class=\"size-medium wp-image-2611 alignright\" src=\"https:\/\/www.rolltexinc.com\/wp-content\/uploads\/2021\/01\/Mounted-Bearings-2-300x200.jpg\" alt=\"\" width=\"300\" height=\"200\" srcset=\"https:\/\/www.rolltexinc.com\/wp-content\/uploads\/2021\/01\/Mounted-Bearings-2-300x200.jpg 300w, https:\/\/www.rolltexinc.com\/wp-content\/uploads\/2021\/01\/Mounted-Bearings-2.jpg 500w\" sizes=\"(max-width: 300px) 100vw, 300px\" \/><\/a>Cualquier rodamiento que se inserte en una carcasa se considera un <strong>unidad montada<\/strong>. A <strong>unidad montada<\/strong> puede tener un rodamiento de bolas est\u00e1ndar o rodamientos de rodillos. <strong>unidad montada<\/strong> se ofrecen en varias carcasas diferentes, siendo la m\u00e1s com\u00fan un bloque de almohada.<\/p><p>Ofrecemos un extenso inventario en todo tipo de unidades montadas. Nuestro inventario incluye: unidades de rodamientos de bolas autoalineables en bloques de soporte y bloques de brida de dos y cuatro pernos, que var\u00edan en tama\u00f1o de eje de 1\/2 \u2033 a 2-7 \/ 16 \u2033. <strong>Doble hilera, servicio pesado, dos y cuatro pernos cuadrados y redondos<\/strong> Unidades de brida pilotada en tama\u00f1os de eje hasta 3-15 \/ 16 \u2033. Tambi\u00e9n se encuentran disponibles unidades de recogida y bloques de soporte de carcasa dividida.<\/p>\t\t\t\t\t<\/div>\n\t\t\t\t\t\t<\/div>\n\t\t\t\t<\/div>\n\t\t\t\t\t\t<\/div>\n\t\t\t\t\t<\/div>\n\t\t<\/div>\n\t\t\t\t\t\t\t\t<\/div>\n\t\t\t\t\t<\/div>\n\t\t<\/section>\n\t\t\t\t\t\t<\/div>\n\t\t\t\t\t<\/div>\n\t\t<\/div>\n\t\t\t\t\t\t\t\t<\/div>\n\t\t\t\t\t<\/div>\n\t\t<\/section>\n\t\t\t\t<section class=\"elementor-section elementor-top-section elementor-element elementor-element-85726b4 elementor-section-boxed elementor-section-height-default elementor-section-height-default\" data-id=\"85726b4\" data-element_type=\"section\">\n\t\t\t\t\t\t<div class=\"elementor-container elementor-column-gap-default\">\n\t\t\t\t\t\t\t<div class=\"elementor-row\">\n\t\t\t\t\t<div class=\"elementor-column elementor-col-100 elementor-top-column elementor-element elementor-element-3a15e49\" data-id=\"3a15e49\" data-element_type=\"column\">\n\t\t\t<div class=\"elementor-column-wrap elementor-element-populated\">\n\t\t\t\t\t\t\t<div class=\"elementor-widget-wrap\">\n\t\t\t\t\t\t<section class=\"elementor-section elementor-inner-section elementor-element elementor-element-d8b2f8c elementor-section-boxed elementor-section-height-default elementor-section-height-default\" data-id=\"d8b2f8c\" data-element_type=\"section\">\n\t\t\t\t\t\t<div class=\"elementor-container elementor-column-gap-default\">\n\t\t\t\t\t\t\t<div class=\"elementor-row\">\n\t\t\t\t\t<div class=\"elementor-column elementor-col-100 elementor-inner-column elementor-element elementor-element-d45c026\" data-id=\"d45c026\" data-element_type=\"column\">\n\t\t\t<div class=\"elementor-column-wrap elementor-element-populated\">\n\t\t\t\t\t\t\t<div class=\"elementor-widget-wrap\">\n\t\t\t\t\t\t<div class=\"elementor-element elementor-element-913f623 elementor-widget elementor-widget-heading\" data-id=\"913f623\" data-element_type=\"widget\" data-widget_type=\"heading.default\">\n\t\t\t\t<div class=\"elementor-widget-container\">\n\t\t\t<h3 class=\"elementor-heading-title elementor-size-medium\"><a href=\"https:\/\/www.rolltexinc.com\/es\/product-list\/\">Spherical Bearings<\/a><\/h3>\t\t<\/div>\n\t\t\t\t<\/div>\n\t\t\t\t<div class=\"elementor-element elementor-element-2b1f3c5 elementor-widget elementor-widget-text-editor\" data-id=\"2b1f3c5\" data-element_type=\"widget\" data-widget_type=\"text-editor.default\">\n\t\t\t\t<div class=\"elementor-widget-container\">\n\t\t\t\t\t\t\t\t<div class=\"elementor-text-editor elementor-clearfix\">\n\t\t\t\t<p><a href=\"https:\/\/www.rolltexinc.com\/wp-content\/uploads\/2021\/01\/Spherical-Bearings.jpg\"><img loading=\"lazy\" class=\"size-medium wp-image-2623 alignright\" src=\"https:\/\/www.rolltexinc.com\/wp-content\/uploads\/2021\/01\/Spherical-Bearings-300x200.jpg\" alt=\"\" width=\"300\" height=\"200\" srcset=\"https:\/\/www.rolltexinc.com\/wp-content\/uploads\/2021\/01\/Spherical-Bearings-300x200.jpg 300w, https:\/\/www.rolltexinc.com\/wp-content\/uploads\/2021\/01\/Spherical-Bearings.jpg 500w\" sizes=\"(max-width: 300px) 100vw, 300px\" \/><\/a><strong>Spherical bearings<\/strong> est\u00e1n dise\u00f1ados para soportar las condiciones m\u00e1s duras. Por dise\u00f1o, los cojinetes permiten una desalineaci\u00f3n angular entre los aros exterior e interior. El anillo exterior a menudo tiene un orificio c\u00f3nico para asegurar el anillo exterior al eje.<\/p><p>Our <strong>spherical bearings<\/strong> est\u00e1n disponibles en las series 21300, 22200, 22300 y 23000 con orificios rectos o c\u00f3nicos. Disponemos de estos cojinetes para todas las aplicaciones de yacimientos petrol\u00edferos, incluida la unidad de bombeo, la perforaci\u00f3n, el equipo, las cribas vibratorias y todo el equipo industrial.\u00a0<\/p>\t\t\t\t\t<\/div>\n\t\t\t\t\t\t<\/div>\n\t\t\t\t<\/div>\n\t\t\t\t\t\t<\/div>\n\t\t\t\t\t<\/div>\n\t\t<\/div>\n\t\t\t\t\t\t\t\t<\/div>\n\t\t\t\t\t<\/div>\n\t\t<\/section>\n\t\t\t\t\t\t<\/div>\n\t\t\t\t\t<\/div>\n\t\t<\/div>\n\t\t\t\t\t\t\t\t<\/div>\n\t\t\t\t\t<\/div>\n\t\t<\/section>\n\t\t\t\t<section class=\"elementor-section elementor-top-section elementor-element elementor-element-443bae5 elementor-section-boxed elementor-section-height-default elementor-section-height-default\" data-id=\"443bae5\" data-element_type=\"section\">\n\t\t\t\t\t\t<div class=\"elementor-container elementor-column-gap-default\">\n\t\t\t\t\t\t\t<div class=\"elementor-row\">\n\t\t\t\t\t<div class=\"elementor-column elementor-col-100 elementor-top-column elementor-element elementor-element-5b3aa43\" data-id=\"5b3aa43\" data-element_type=\"column\">\n\t\t\t<div class=\"elementor-column-wrap elementor-element-populated\">\n\t\t\t\t\t\t\t<div class=\"elementor-widget-wrap\">\n\t\t\t\t\t\t<div class=\"elementor-element elementor-element-16aed9b elementor-widget elementor-widget-heading\" data-id=\"16aed9b\" data-element_type=\"widget\" data-widget_type=\"heading.default\">\n\t\t\t\t<div class=\"elementor-widget-container\">\n\t\t\t<h3 class=\"elementor-heading-title elementor-size-medium\"><a href=\"https:\/\/www.rolltexinc.com\/es\/product-list\/\">Tapered Bearings<\/a><\/h3>\t\t<\/div>\n\t\t\t\t<\/div>\n\t\t\t\t<div class=\"elementor-element elementor-element-3efd7c0 elementor-widget elementor-widget-text-editor\" data-id=\"3efd7c0\" data-element_type=\"widget\" data-widget_type=\"text-editor.default\">\n\t\t\t\t<div class=\"elementor-widget-container\">\n\t\t\t\t\t\t\t\t<div class=\"elementor-text-editor elementor-clearfix\">\n\t\t\t\t<p><strong><a href=\"https:\/\/www.rolltexinc.com\/wp-content\/uploads\/2021\/01\/Tapered-Bearings.jpg\"><img loading=\"lazy\" class=\"size-medium wp-image-2624 alignright\" src=\"https:\/\/www.rolltexinc.com\/wp-content\/uploads\/2021\/01\/Tapered-Bearings-300x200.jpg\" alt=\"\" width=\"300\" height=\"200\" srcset=\"https:\/\/www.rolltexinc.com\/wp-content\/uploads\/2021\/01\/Tapered-Bearings-300x200.jpg 300w, https:\/\/www.rolltexinc.com\/wp-content\/uploads\/2021\/01\/Tapered-Bearings.jpg 500w\" sizes=\"(max-width: 300px) 100vw, 300px\" \/><\/a><\/strong>Dise\u00f1ado para mayor precisi\u00f3n y control, <strong>tapered bearings<\/strong> puede soportar fuerzas radiales y axiales m\u00e1s grandes. La mayor\u00eda de las veces, se utilizar\u00e1n dos cojinetes c\u00f3nicos espalda con espalda para proporcionar un soporte axial igual.<\/p><p>En Rolltex ofrecemos una gran variedad de <strong>tapered roller bearings<\/strong> para todas las aplicaciones, incluidas: agricultura de yacimientos petrol\u00edferos, automotriz e industrial. Tenemos en stock y podemos obtener rodamientos c\u00f3nicos de una y dos hileras en tama\u00f1os m\u00e9tricos y en pulgadas.<\/p>\t\t\t\t\t<\/div>\n\t\t\t\t\t\t<\/div>\n\t\t\t\t<\/div>\n\t\t\t\t\t\t<\/div>\n\t\t\t\t\t<\/div>\n\t\t<\/div>\n\t\t\t\t\t\t\t\t<\/div>\n\t\t\t\t\t<\/div>\n\t\t<\/section>\n\t\t\t\t<section class=\"elementor-section elementor-top-section elementor-element elementor-element-21fb681 elementor-section-boxed elementor-section-height-default elementor-section-height-default\" data-id=\"21fb681\" data-element_type=\"section\" data-settings=\"{&quot;background_background&quot;:&quot;classic&quot;}\">\n\t\t\t\t\t\t<div class=\"elementor-container elementor-column-gap-default\">\n\t\t\t\t\t\t\t<div class=\"elementor-row\">\n\t\t\t\t\t<div class=\"elementor-column elementor-col-100 elementor-top-column elementor-element elementor-element-96c4910\" data-id=\"96c4910\" data-element_type=\"column\">\n\t\t\t<div class=\"elementor-column-wrap elementor-element-populated\">\n\t\t\t\t\t\t\t<div class=\"elementor-widget-wrap\">\n\t\t\t\t\t\t<div class=\"elementor-element elementor-element-0c12032 elementor-widget elementor-widget-heading\" data-id=\"0c12032\" data-element_type=\"widget\" data-widget_type=\"heading.default\">\n\t\t\t\t<div class=\"elementor-widget-container\">\n\t\t\t<h4 class=\"elementor-heading-title elementor-size-default\"><a href=\"https:\/\/www.rolltexinc.com\/es\/contact\/\">Not seeing what you are looking for? Give us a call and we can help you find it! <\/a><\/h4>\t\t<\/div>\n\t\t\t\t<\/div>\n\t\t\t\t<div class=\"elementor-element elementor-element-fa75db4 elementor-align-center elementor-widget elementor-widget-button\" data-id=\"fa75db4\" data-element_type=\"widget\" data-widget_type=\"button.default\">\n\t\t\t\t<div class=\"elementor-widget-container\">\n\t\t\t\t\t<div class=\"elementor-button-wrapper\">\n\t\t\t<a href=\"https:\/\/www.rolltexinc.com\/es\/contact\/\" class=\"elementor-button-link elementor-button elementor-size-sm\" role=\"button\">\n\t\t\t\t\t\t<span class=\"elementor-button-content-wrapper\">\n\t\t\t\t\t\t<span class=\"elementor-button-text\">Contacta con nosotros<\/span>\n\t\t<\/span>\n\t\t\t\t\t<\/a>\n\t\t<\/div>\n\t\t\t\t<\/div>\n\t\t\t\t<\/div>\n\t\t\t\t\t\t<\/div>\n\t\t\t\t\t<\/div>\n\t\t<\/div>\n\t\t\t\t\t\t\t\t<\/div>\n\t\t\t\t\t<\/div>\n\t\t<\/section>\n\t\t\t\t\t\t\t\t\t<\/div>\n\t\t\t<\/div>\n\t\t\t\t\t<\/div>","protected":false},"excerpt":{"rendered":"<p>Bearings Ball Bearings Deep groove ball bearings are one of the most commonly used bearings on the market. Ball bearings are designed to keep the separation between the bearing races, reducing rotational friction and support on the radial and axial loads. Rolltex Bearings stocks a full line of ball bearings in both metric and inch &hellip;<\/p>\n<p class=\"read-more\"> <a class=\"\" href=\"https:\/\/www.rolltexinc.com\/es\/bearings\/\"> <span class=\"screen-reader-text\">Bearings<\/span> Leer m\u00e1s &raquo;<\/a><\/p>","protected":false},"author":4,"featured_media":0,"parent":0,"menu_order":0,"comment_status":"closed","ping_status":"closed","template":"","meta":{"_mi_skip_tracking":false,"site-sidebar-layout":"no-sidebar","site-content-layout":"page-builder","ast-main-header-display":"","ast-hfb-above-header-display":"","ast-hfb-below-header-display":"","ast-hfb-mobile-header-display":"","site-post-title":"disabled","ast-breadcrumbs-content":"","ast-featured-img":"disabled","footer-sml-layout":"","theme-transparent-header-meta":"default","adv-header-id-meta":"","stick-header-meta":"","header-above-stick-meta":"","header-main-stick-meta":"","header-below-stick-meta":""},"_links":{"self":[{"href":"https:\/\/www.rolltexinc.com\/es\/wp-json\/wp\/v2\/pages\/577"}],"collection":[{"href":"https:\/\/www.rolltexinc.com\/es\/wp-json\/wp\/v2\/pages"}],"about":[{"href":"https:\/\/www.rolltexinc.com\/es\/wp-json\/wp\/v2\/types\/page"}],"author":[{"embeddable":true,"href":"https:\/\/www.rolltexinc.com\/es\/wp-json\/wp\/v2\/users\/4"}],"replies":[{"embeddable":true,"href":"https:\/\/www.rolltexinc.com\/es\/wp-json\/wp\/v2\/comments?post=577"}],"version-history":[{"count":98,"href":"https:\/\/www.rolltexinc.com\/es\/wp-json\/wp\/v2\/pages\/577\/revisions"}],"predecessor-version":[{"id":14564,"href":"https:\/\/www.rolltexinc.com\/es\/wp-json\/wp\/v2\/pages\/577\/revisions\/14564"}],"wp:attachment":[{"href":"https:\/\/www.rolltexinc.com\/es\/wp-json\/wp\/v2\/media?parent=577"}],"curies":[{"name":"wp","href":"https:\/\/api.w.org\/{rel}","templated":true}]}}