{"id":578,"date":"2020-12-09T10:04:25","date_gmt":"2020-12-09T16:04:25","guid":{"rendered":"https:\/\/rolltexinc.com\/?page_id=578"},"modified":"2021-05-07T10:58:32","modified_gmt":"2021-05-07T16:58:32","slug":"seals","status":"publish","type":"page","link":"https:\/\/www.rolltexinc.com\/es\/seals\/","title":{"rendered":"Seals"},"content":{"rendered":"<div data-elementor-type=\"wp-page\" data-elementor-id=\"578\" class=\"elementor elementor-578\">\n\t\t\t\t\t\t<div class=\"elementor-inner\">\n\t\t\t\t<div class=\"elementor-section-wrap\">\n\t\t\t\t\t\t\t\t\t<section class=\"elementor-section elementor-top-section elementor-element elementor-element-8a259ba elementor-section-boxed elementor-section-height-default elementor-section-height-default\" data-id=\"8a259ba\" data-element_type=\"section\" data-settings=\"{&quot;background_background&quot;:&quot;classic&quot;}\">\n\t\t\t\t\t\t\t<div class=\"elementor-background-overlay\"><\/div>\n\t\t\t\t\t\t\t<div class=\"elementor-container elementor-column-gap-default\">\n\t\t\t\t\t\t\t<div class=\"elementor-row\">\n\t\t\t\t\t<div class=\"elementor-column elementor-col-100 elementor-top-column elementor-element elementor-element-bd347cd\" data-id=\"bd347cd\" data-element_type=\"column\">\n\t\t\t<div class=\"elementor-column-wrap elementor-element-populated\">\n\t\t\t\t\t\t\t<div class=\"elementor-widget-wrap\">\n\t\t\t\t\t\t<div class=\"elementor-element elementor-element-2dd2663 elementor-widget elementor-widget-heading\" data-id=\"2dd2663\" data-element_type=\"widget\" data-widget_type=\"heading.default\">\n\t\t\t\t<div class=\"elementor-widget-container\">\n\t\t\t<h1 class=\"elementor-heading-title elementor-size-default\">Seals<\/h1>\t\t<\/div>\n\t\t\t\t<\/div>\n\t\t\t\t\t\t<\/div>\n\t\t\t\t\t<\/div>\n\t\t<\/div>\n\t\t\t\t\t\t\t\t<\/div>\n\t\t\t\t\t<\/div>\n\t\t<\/section>\n\t\t\t\t<section class=\"elementor-section elementor-top-section elementor-element elementor-element-4b618b7 elementor-section-boxed elementor-section-height-default elementor-section-height-default\" data-id=\"4b618b7\" data-element_type=\"section\">\n\t\t\t\t\t\t<div class=\"elementor-container elementor-column-gap-default\">\n\t\t\t\t\t\t\t<div class=\"elementor-row\">\n\t\t\t\t\t<div class=\"elementor-column elementor-col-25 elementor-top-column elementor-element elementor-element-1a370f4\" data-id=\"1a370f4\" data-element_type=\"column\">\n\t\t\t<div class=\"elementor-column-wrap\">\n\t\t\t\t\t\t\t<div class=\"elementor-widget-wrap\">\n\t\t\t\t\t\t\t\t<\/div>\n\t\t\t\t\t<\/div>\n\t\t<\/div>\n\t\t\t\t<div class=\"elementor-column elementor-col-50 elementor-top-column elementor-element elementor-element-866127a\" data-id=\"866127a\" data-element_type=\"column\">\n\t\t\t<div class=\"elementor-column-wrap elementor-element-populated\">\n\t\t\t\t\t\t\t<div class=\"elementor-widget-wrap\">\n\t\t\t\t\t\t<div class=\"elementor-element elementor-element-7de2fa9 elementor-widget elementor-widget-text-editor\" data-id=\"7de2fa9\" data-element_type=\"widget\" data-widget_type=\"text-editor.default\">\n\t\t\t\t<div class=\"elementor-widget-container\">\n\t\t\t\t\t\t\t\t<div class=\"elementor-text-editor elementor-clearfix\">\n\t\t\t\t<p>Los sellos de aceite y las juntas t\u00f3ricas son los dos tipos de sellos m\u00e1s comunes en el mercado.<\/p><p>Los sellos de aceite se utilizan para maximizar la vida \u00fatil de su rodamiento, ya sea en una caja de engranajes o en un cilindro hidr\u00e1ulico, manteniendo alejados los desechos da\u00f1inos y asegurando que la lubricaci\u00f3n permanezca adentro y permitiendo que el rodamiento funcione sin problemas. Las juntas t\u00f3ricas se utilizan en varias aplicaciones, pero se utilizan m\u00e1s com\u00fanmente para crear un sello entre dos partes.\u00a0<\/p><p>\u00a0<\/p>\t\t\t\t\t<\/div>\n\t\t\t\t\t\t<\/div>\n\t\t\t\t<\/div>\n\t\t\t\t\t\t<\/div>\n\t\t\t\t\t<\/div>\n\t\t<\/div>\n\t\t\t\t<div class=\"elementor-column elementor-col-25 elementor-top-column elementor-element elementor-element-af474c6\" data-id=\"af474c6\" data-element_type=\"column\">\n\t\t\t<div class=\"elementor-column-wrap\">\n\t\t\t\t\t\t\t<div class=\"elementor-widget-wrap\">\n\t\t\t\t\t\t\t\t<\/div>\n\t\t\t\t\t<\/div>\n\t\t<\/div>\n\t\t\t\t\t\t\t\t<\/div>\n\t\t\t\t\t<\/div>\n\t\t<\/section>\n\t\t\t\t<section class=\"elementor-section elementor-top-section elementor-element elementor-element-18e9c90 elementor-section-boxed elementor-section-height-default elementor-section-height-default\" data-id=\"18e9c90\" data-element_type=\"section\">\n\t\t\t\t\t\t<div class=\"elementor-container elementor-column-gap-default\">\n\t\t\t\t\t\t\t<div class=\"elementor-row\">\n\t\t\t\t\t<div class=\"elementor-column elementor-col-66 elementor-top-column elementor-element elementor-element-d203f6b\" data-id=\"d203f6b\" data-element_type=\"column\">\n\t\t\t<div class=\"elementor-column-wrap elementor-element-populated\">\n\t\t\t\t\t\t\t<div class=\"elementor-widget-wrap\">\n\t\t\t\t\t\t<div class=\"elementor-element elementor-element-465b84e elementor-widget elementor-widget-heading\" data-id=\"465b84e\" data-element_type=\"widget\" data-widget_type=\"heading.default\">\n\t\t\t\t<div class=\"elementor-widget-container\">\n\t\t\t<h3 class=\"elementor-heading-title elementor-size-default\">Oil Seals<\/h3>\t\t<\/div>\n\t\t\t\t<\/div>\n\t\t\t\t<div class=\"elementor-element elementor-element-4db96c5 elementor-widget-divider--view-line elementor-widget elementor-widget-divider\" data-id=\"4db96c5\" data-element_type=\"widget\" data-widget_type=\"divider.default\">\n\t\t\t\t<div class=\"elementor-widget-container\">\n\t\t\t\t\t<div class=\"elementor-divider\">\n\t\t\t<span class=\"elementor-divider-separator\">\n\t\t\t\t\t\t<\/span>\n\t\t<\/div>\n\t\t\t\t<\/div>\n\t\t\t\t<\/div>\n\t\t\t\t<section class=\"elementor-section elementor-inner-section elementor-element elementor-element-d90bb22 elementor-section-boxed elementor-section-height-default elementor-section-height-default\" data-id=\"d90bb22\" data-element_type=\"section\" data-settings=\"{&quot;background_background&quot;:&quot;classic&quot;}\">\n\t\t\t\t\t\t<div class=\"elementor-container elementor-column-gap-default\">\n\t\t\t\t\t\t\t<div class=\"elementor-row\">\n\t\t\t\t\t<div class=\"elementor-column elementor-col-50 elementor-inner-column elementor-element elementor-element-3549f6b\" data-id=\"3549f6b\" data-element_type=\"column\">\n\t\t\t<div class=\"elementor-column-wrap elementor-element-populated\">\n\t\t\t\t\t\t\t<div class=\"elementor-widget-wrap\">\n\t\t\t\t\t\t<div class=\"elementor-element elementor-element-1a3836a elementor-widget elementor-widget-text-editor\" data-id=\"1a3836a\" data-element_type=\"widget\" data-widget_type=\"text-editor.default\">\n\t\t\t\t<div class=\"elementor-widget-container\">\n\t\t\t\t\t\t\t\t<div class=\"elementor-text-editor elementor-clearfix\">\n\t\t\t\t<p>Para mantener el lubricante, generalmente aceite o grasa, los sellos de aceite tienen un labio de goma que presiona contra el eje para proporcionar un sello. Para proporcionar un mejor sellado, algunos labios del sello de aceite vienen con un labio reforzado con resorte para asegurarse de que el labio est\u00e9 lo m\u00e1s apretado posible alrededor del eje.<\/p><p>En Rolltex proporcionamos productos de la m\u00e1s alta calidad, por lo que m\u00e1s del 90% de los sellos de aceite que tenemos en stock tienen el labio doble reforzado por resorte, tambi\u00e9n llamado labio en \"T\".<\/p><p>Adem\u00e1s del estilo de labio, para todos nuestros sellos de caja de metal est\u00e1ndar tratamos de almacenar el marco reforzado doble para minimizar los da\u00f1os durante la instalaci\u00f3n.<\/p><p>La mayor\u00eda de nuestros sellos de aceite en pulgadas son del estilo TA2. Para todos nuestros sellos m\u00e9tricos, disponemos de una amplia gama de tama\u00f1os, todos en el estilo \"TC\".<\/p>\t\t\t\t\t<\/div>\n\t\t\t\t\t\t<\/div>\n\t\t\t\t<\/div>\n\t\t\t\t\t\t<\/div>\n\t\t\t\t\t<\/div>\n\t\t<\/div>\n\t\t\t\t<div class=\"elementor-column elementor-col-50 elementor-inner-column elementor-element elementor-element-7bb4e72\" data-id=\"7bb4e72\" data-element_type=\"column\">\n\t\t\t<div class=\"elementor-column-wrap elementor-element-populated\">\n\t\t\t\t\t\t\t<div class=\"elementor-widget-wrap\">\n\t\t\t\t\t\t<div class=\"elementor-element elementor-element-3a389a3 elementor-widget elementor-widget-spacer\" data-id=\"3a389a3\" data-element_type=\"widget\" data-widget_type=\"spacer.default\">\n\t\t\t\t<div class=\"elementor-widget-container\">\n\t\t\t\t\t<div class=\"elementor-spacer\">\n\t\t\t<div class=\"elementor-spacer-inner\"><\/div>\n\t\t<\/div>\n\t\t\t\t<\/div>\n\t\t\t\t<\/div>\n\t\t\t\t<div class=\"elementor-element elementor-element-dbdeddb elementor-widget elementor-widget-image\" data-id=\"dbdeddb\" data-element_type=\"widget\" data-widget_type=\"image.default\">\n\t\t\t\t<div class=\"elementor-widget-container\">\n\t\t\t\t\t\t\t\t<div class=\"elementor-image\">\n\t\t\t\t\t\t\t\t\t<figure class=\"wp-caption\">\n\t\t\t\t\t\t\t\t\t\t<img width=\"150\" height=\"150\" src=\"https:\/\/www.rolltexinc.com\/wp-content\/uploads\/2021\/03\/TA2-150x150.png\" class=\"attachment-thumbnail size-thumbnail wp-image-13878\" alt=\"\" loading=\"lazy\" srcset=\"https:\/\/www.rolltexinc.com\/wp-content\/uploads\/2021\/03\/TA2-150x150.png 150w, https:\/\/www.rolltexinc.com\/wp-content\/uploads\/2021\/03\/TA2-100x100.png 100w, https:\/\/www.rolltexinc.com\/wp-content\/uploads\/2021\/03\/TA2.png 200w\" sizes=\"(max-width: 150px) 100vw, 150px\" \/>\t\t\t\t\t\t\t\t\t\t\t<figcaption class=\"widget-image-caption wp-caption-text\">TA2<\/figcaption>\n\t\t\t\t\t\t\t\t\t\t<\/figure>\n\t\t\t\t\t\t\t\t<\/div>\n\t\t\t\t\t\t<\/div>\n\t\t\t\t<\/div>\n\t\t\t\t<div class=\"elementor-element elementor-element-beb26e7 elementor-widget elementor-widget-spacer\" data-id=\"beb26e7\" data-element_type=\"widget\" data-widget_type=\"spacer.default\">\n\t\t\t\t<div class=\"elementor-widget-container\">\n\t\t\t\t\t<div class=\"elementor-spacer\">\n\t\t\t<div class=\"elementor-spacer-inner\"><\/div>\n\t\t<\/div>\n\t\t\t\t<\/div>\n\t\t\t\t<\/div>\n\t\t\t\t<div class=\"elementor-element elementor-element-28b3bcf elementor-widget elementor-widget-image\" data-id=\"28b3bcf\" data-element_type=\"widget\" data-widget_type=\"image.default\">\n\t\t\t\t<div class=\"elementor-widget-container\">\n\t\t\t\t\t\t\t\t<div class=\"elementor-image\">\n\t\t\t\t\t\t\t\t\t<figure class=\"wp-caption\">\n\t\t\t\t\t\t\t\t\t\t<img width=\"150\" height=\"150\" src=\"https:\/\/www.rolltexinc.com\/wp-content\/uploads\/2021\/03\/TC-150x150.png\" class=\"attachment-thumbnail size-thumbnail wp-image-13879\" alt=\"\" loading=\"lazy\" srcset=\"https:\/\/www.rolltexinc.com\/wp-content\/uploads\/2021\/03\/TC-150x150.png 150w, https:\/\/www.rolltexinc.com\/wp-content\/uploads\/2021\/03\/TC-100x100.png 100w, https:\/\/www.rolltexinc.com\/wp-content\/uploads\/2021\/03\/TC.png 200w\" sizes=\"(max-width: 150px) 100vw, 150px\" \/>\t\t\t\t\t\t\t\t\t\t\t<figcaption class=\"widget-image-caption wp-caption-text\">TC<\/figcaption>\n\t\t\t\t\t\t\t\t\t\t<\/figure>\n\t\t\t\t\t\t\t\t<\/div>\n\t\t\t\t\t\t<\/div>\n\t\t\t\t<\/div>\n\t\t\t\t\t\t<\/div>\n\t\t\t\t\t<\/div>\n\t\t<\/div>\n\t\t\t\t\t\t\t\t<\/div>\n\t\t\t\t\t<\/div>\n\t\t<\/section>\n\t\t\t\t\t\t<\/div>\n\t\t\t\t\t<\/div>\n\t\t<\/div>\n\t\t\t\t<div class=\"elementor-column elementor-col-33 elementor-top-column elementor-element elementor-element-90c3375\" data-id=\"90c3375\" data-element_type=\"column\" data-settings=\"{&quot;background_background&quot;:&quot;classic&quot;}\">\n\t\t\t<div class=\"elementor-column-wrap elementor-element-populated\">\n\t\t\t\t\t\t\t<div class=\"elementor-widget-wrap\">\n\t\t\t\t\t\t<div class=\"elementor-element elementor-element-307d242 elementor-widget elementor-widget-heading\" data-id=\"307d242\" data-element_type=\"widget\" data-widget_type=\"heading.default\">\n\t\t\t\t<div class=\"elementor-widget-container\">\n\t\t\t<h3 class=\"elementor-heading-title elementor-size-default\">Clipper Style Seals<\/h3>\t\t<\/div>\n\t\t\t\t<\/div>\n\t\t\t\t<div class=\"elementor-element elementor-element-260cca7 elementor-widget-divider--view-line elementor-widget elementor-widget-divider\" data-id=\"260cca7\" data-element_type=\"widget\" data-widget_type=\"divider.default\">\n\t\t\t\t<div class=\"elementor-widget-container\">\n\t\t\t\t\t<div class=\"elementor-divider\">\n\t\t\t<span class=\"elementor-divider-separator\">\n\t\t\t\t\t\t<\/span>\n\t\t<\/div>\n\t\t\t\t<\/div>\n\t\t\t\t<\/div>\n\t\t\t\t<section class=\"elementor-section elementor-inner-section elementor-element elementor-element-08df73e elementor-section-boxed elementor-section-height-default elementor-section-height-default\" data-id=\"08df73e\" data-element_type=\"section\">\n\t\t\t\t\t\t<div class=\"elementor-container elementor-column-gap-default\">\n\t\t\t\t\t\t\t<div class=\"elementor-row\">\n\t\t\t\t\t<div class=\"elementor-column elementor-col-50 elementor-inner-column elementor-element elementor-element-98bb0e8\" data-id=\"98bb0e8\" data-element_type=\"column\">\n\t\t\t<div class=\"elementor-column-wrap elementor-element-populated\">\n\t\t\t\t\t\t\t<div class=\"elementor-widget-wrap\">\n\t\t\t\t\t\t<div class=\"elementor-element elementor-element-fecc83a elementor-widget elementor-widget-text-editor\" data-id=\"fecc83a\" data-element_type=\"widget\" data-widget_type=\"text-editor.default\">\n\t\t\t\t<div class=\"elementor-widget-container\">\n\t\t\t\t\t\t\t\t<div class=\"elementor-text-editor elementor-clearfix\">\n\t\t\t\t<p>Similar a los sellos de aceite, el sello estilo clipper utiliza el borde de goma para crear un sello contra el eje para mantener los residuos fuera y la lubricaci\u00f3n adentro.&nbsp;<\/p>\n<p>Lo que hace que el sello estilo clipper sea \u00fanico es que no hay metal en el sello. Esto permite una instalaci\u00f3n m\u00e1s f\u00e1cil con menos da\u00f1os, mejores capacidades de sellado con el di\u00e1metro exterior del sello y sin \u00f3xido ni corrosi\u00f3n.&nbsp;<\/p>\n<p>Nuestro inventario consta de tres dise\u00f1os de labios principales, incluidos los estilos LUP, LDS y H. Sin embargo, tenemos acceso a cualquier sello estilo clipper.&nbsp;<\/p>\t\t\t\t\t<\/div>\n\t\t\t\t\t\t<\/div>\n\t\t\t\t<\/div>\n\t\t\t\t\t\t<\/div>\n\t\t\t\t\t<\/div>\n\t\t<\/div>\n\t\t\t\t<div class=\"elementor-column elementor-col-50 elementor-inner-column elementor-element elementor-element-cbba5cb\" data-id=\"cbba5cb\" data-element_type=\"column\">\n\t\t\t<div class=\"elementor-column-wrap elementor-element-populated\">\n\t\t\t\t\t\t\t<div class=\"elementor-widget-wrap\">\n\t\t\t\t\t\t<div class=\"elementor-element elementor-element-ad8ca7f elementor-widget elementor-widget-image\" data-id=\"ad8ca7f\" data-element_type=\"widget\" data-widget_type=\"image.default\">\n\t\t\t\t<div class=\"elementor-widget-container\">\n\t\t\t\t\t\t\t\t<div class=\"elementor-image\">\n\t\t\t\t\t\t\t\t\t<figure class=\"wp-caption\">\n\t\t\t\t\t\t\t\t\t\t<img width=\"124\" height=\"123\" src=\"https:\/\/www.rolltexinc.com\/wp-content\/uploads\/2021\/03\/LUP-SEAL.png\" class=\"attachment-medium size-medium wp-image-13895\" alt=\"\" loading=\"lazy\" srcset=\"https:\/\/www.rolltexinc.com\/wp-content\/uploads\/2021\/03\/LUP-SEAL.png 124w, https:\/\/www.rolltexinc.com\/wp-content\/uploads\/2021\/03\/LUP-SEAL-100x100.png 100w\" sizes=\"(max-width: 124px) 100vw, 124px\" \/>\t\t\t\t\t\t\t\t\t\t\t<figcaption class=\"widget-image-caption wp-caption-text\">LUP<\/figcaption>\n\t\t\t\t\t\t\t\t\t\t<\/figure>\n\t\t\t\t\t\t\t\t<\/div>\n\t\t\t\t\t\t<\/div>\n\t\t\t\t<\/div>\n\t\t\t\t<div class=\"elementor-element elementor-element-faf4cbf elementor-widget elementor-widget-image\" data-id=\"faf4cbf\" data-element_type=\"widget\" data-widget_type=\"image.default\">\n\t\t\t\t<div class=\"elementor-widget-container\">\n\t\t\t\t\t\t\t\t<div class=\"elementor-image\">\n\t\t\t\t\t\t\t\t\t<figure class=\"wp-caption\">\n\t\t\t\t\t\t\t\t\t\t<img width=\"111\" height=\"115\" src=\"https:\/\/www.rolltexinc.com\/wp-content\/uploads\/2021\/03\/LDS.JPG.png\" class=\"attachment-medium size-medium wp-image-13894\" alt=\"\" loading=\"lazy\" \/>\t\t\t\t\t\t\t\t\t\t\t<figcaption class=\"widget-image-caption wp-caption-text\">LDS<\/figcaption>\n\t\t\t\t\t\t\t\t\t\t<\/figure>\n\t\t\t\t\t\t\t\t<\/div>\n\t\t\t\t\t\t<\/div>\n\t\t\t\t<\/div>\n\t\t\t\t<div class=\"elementor-element elementor-element-3e53216 elementor-widget elementor-widget-image\" data-id=\"3e53216\" data-element_type=\"widget\" data-widget_type=\"image.default\">\n\t\t\t\t<div class=\"elementor-widget-container\">\n\t\t\t\t\t\t\t\t<div class=\"elementor-image\">\n\t\t\t\t\t\t\t\t\t<figure class=\"wp-caption\">\n\t\t\t\t\t\t\t\t\t\t<img width=\"100\" height=\"105\" src=\"https:\/\/www.rolltexinc.com\/wp-content\/uploads\/2021\/03\/H-Seal.png\" class=\"attachment-medium size-medium wp-image-13896\" alt=\"\" loading=\"lazy\" \/>\t\t\t\t\t\t\t\t\t\t\t<figcaption class=\"widget-image-caption wp-caption-text\">H<\/figcaption>\n\t\t\t\t\t\t\t\t\t\t<\/figure>\n\t\t\t\t\t\t\t\t<\/div>\n\t\t\t\t\t\t<\/div>\n\t\t\t\t<\/div>\n\t\t\t\t\t\t<\/div>\n\t\t\t\t\t<\/div>\n\t\t<\/div>\n\t\t\t\t\t\t\t\t<\/div>\n\t\t\t\t\t<\/div>\n\t\t<\/section>\n\t\t\t\t\t\t<\/div>\n\t\t\t\t\t<\/div>\n\t\t<\/div>\n\t\t\t\t\t\t\t\t<\/div>\n\t\t\t\t\t<\/div>\n\t\t<\/section>\n\t\t\t\t<section class=\"elementor-section elementor-top-section elementor-element elementor-element-845aebf elementor-section-boxed elementor-section-height-default elementor-section-height-default\" data-id=\"845aebf\" data-element_type=\"section\">\n\t\t\t\t\t\t<div class=\"elementor-container elementor-column-gap-default\">\n\t\t\t\t\t\t\t<div class=\"elementor-row\">\n\t\t\t\t\t<div class=\"elementor-column elementor-col-100 elementor-top-column elementor-element elementor-element-940eecb\" data-id=\"940eecb\" data-element_type=\"column\">\n\t\t\t<div class=\"elementor-column-wrap elementor-element-populated\">\n\t\t\t\t\t\t\t<div class=\"elementor-widget-wrap\">\n\t\t\t\t\t\t<div class=\"elementor-element elementor-element-197213d elementor-widget elementor-widget-text-editor\" data-id=\"197213d\" data-element_type=\"widget\" data-widget_type=\"text-editor.default\">\n\t\t\t\t<div class=\"elementor-widget-container\">\n\t\t\t\t\t\t\t\t<div class=\"elementor-text-editor elementor-clearfix\">\n\t\t\t\t\t\t\t\t\t<\/div>\n\t\t\t\t\t\t<\/div>\n\t\t\t\t<\/div>\n\t\t\t\t\t\t<\/div>\n\t\t\t\t\t<\/div>\n\t\t<\/div>\n\t\t\t\t\t\t\t\t<\/div>\n\t\t\t\t\t<\/div>\n\t\t<\/section>\n\t\t\t\t<section class=\"elementor-section elementor-top-section elementor-element elementor-element-1c2d6a5 elementor-section-boxed elementor-section-height-default elementor-section-height-default\" data-id=\"1c2d6a5\" data-element_type=\"section\">\n\t\t\t\t\t\t<div class=\"elementor-container elementor-column-gap-default\">\n\t\t\t\t\t\t\t<div class=\"elementor-row\">\n\t\t\t\t\t<div class=\"elementor-column elementor-col-100 elementor-top-column elementor-element elementor-element-9b0f61e\" data-id=\"9b0f61e\" data-element_type=\"column\">\n\t\t\t<div class=\"elementor-column-wrap elementor-element-populated\">\n\t\t\t\t\t\t\t<div class=\"elementor-widget-wrap\">\n\t\t\t\t\t\t<div class=\"elementor-element elementor-element-f59490e elementor-widget elementor-widget-heading\" data-id=\"f59490e\" data-element_type=\"widget\" data-widget_type=\"heading.default\">\n\t\t\t\t<div class=\"elementor-widget-container\">\n\t\t\t<h3 class=\"elementor-heading-title elementor-size-default\">O Rings<\/h3>\t\t<\/div>\n\t\t\t\t<\/div>\n\t\t\t\t<div class=\"elementor-element elementor-element-c306c15 elementor-widget-divider--view-line elementor-widget elementor-widget-divider\" data-id=\"c306c15\" data-element_type=\"widget\" data-widget_type=\"divider.default\">\n\t\t\t\t<div class=\"elementor-widget-container\">\n\t\t\t\t\t<div class=\"elementor-divider\">\n\t\t\t<span class=\"elementor-divider-separator\">\n\t\t\t\t\t\t<\/span>\n\t\t<\/div>\n\t\t\t\t<\/div>\n\t\t\t\t<\/div>\n\t\t\t\t<div class=\"elementor-element elementor-element-3affa8a elementor-widget elementor-widget-text-editor\" data-id=\"3affa8a\" data-element_type=\"widget\" data-widget_type=\"text-editor.default\">\n\t\t\t\t<div class=\"elementor-widget-container\">\n\t\t\t\t\t\t\t\t<div class=\"elementor-text-editor elementor-clearfix\">\n\t\t\t\t<p>El sello m\u00e1s utilizado es la junta t\u00f3rica. Normalmente colocada en una ranura o deslizada sobre un eje para proporcionar un sello entre dos elementos, la junta t\u00f3rica es un art\u00edculo de bajo costo, pero sin la junta t\u00f3rica adecuada, la aplicaci\u00f3n fallar\u00e1.\u00a0<\/p><p>Tenemos un inventario de todos los tama\u00f1os AS568 en Buna 70, Buna 90, Viton 75 y Viton 90. Con acceso a m\u00e1s de 50 millones de tama\u00f1os en compuestos que incluyen Buna, Viton, Silicona, Aflas, Kalrez, EPDM, PTFE, FFKM y m\u00e1s. Si no es algo que tenemos en stock, podemos conseguirlo r\u00e1pidamente.\u00a0<\/p><p>\u00a0<\/p>\t\t\t\t\t<\/div>\n\t\t\t\t\t\t<\/div>\n\t\t\t\t<\/div>\n\t\t\t\t\t\t<\/div>\n\t\t\t\t\t<\/div>\n\t\t<\/div>\n\t\t\t\t\t\t\t\t<\/div>\n\t\t\t\t\t<\/div>\n\t\t<\/section>\n\t\t\t\t\t\t\t\t\t<\/div>\n\t\t\t<\/div>\n\t\t\t\t\t<\/div>","protected":false},"excerpt":{"rendered":"<p>Seals Oil seals and O-Rings are the two most common types of seals on the market. Oil seals are used to maximize the life of your bearing, whether in a gear box or hydraulic cylinder, by keeping out harmful debris and ensuring that the lubrication stays in and allowing the bearing to operate smoothly. O-Rings &hellip;<\/p>\n<p class=\"read-more\"> <a class=\"\" href=\"https:\/\/www.rolltexinc.com\/es\/seals\/\"> <span class=\"screen-reader-text\">Seals<\/span> Leer m\u00e1s &raquo;<\/a><\/p>","protected":false},"author":4,"featured_media":0,"parent":0,"menu_order":0,"comment_status":"closed","ping_status":"closed","template":"","meta":{"_mi_skip_tracking":false,"site-sidebar-layout":"no-sidebar","site-content-layout":"page-builder","ast-main-header-display":"","ast-hfb-above-header-display":"","ast-hfb-below-header-display":"","ast-hfb-mobile-header-display":"","site-post-title":"disabled","ast-breadcrumbs-content":"","ast-featured-img":"disabled","footer-sml-layout":"","theme-transparent-header-meta":"default","adv-header-id-meta":"","stick-header-meta":"","header-above-stick-meta":"","header-main-stick-meta":"","header-below-stick-meta":""},"_links":{"self":[{"href":"https:\/\/www.rolltexinc.com\/es\/wp-json\/wp\/v2\/pages\/578"}],"collection":[{"href":"https:\/\/www.rolltexinc.com\/es\/wp-json\/wp\/v2\/pages"}],"about":[{"href":"https:\/\/www.rolltexinc.com\/es\/wp-json\/wp\/v2\/types\/page"}],"author":[{"embeddable":true,"href":"https:\/\/www.rolltexinc.com\/es\/wp-json\/wp\/v2\/users\/4"}],"replies":[{"embeddable":true,"href":"https:\/\/www.rolltexinc.com\/es\/wp-json\/wp\/v2\/comments?post=578"}],"version-history":[{"count":31,"href":"https:\/\/www.rolltexinc.com\/es\/wp-json\/wp\/v2\/pages\/578\/revisions"}],"predecessor-version":[{"id":14427,"href":"https:\/\/www.rolltexinc.com\/es\/wp-json\/wp\/v2\/pages\/578\/revisions\/14427"}],"wp:attachment":[{"href":"https:\/\/www.rolltexinc.com\/es\/wp-json\/wp\/v2\/media?parent=578"}],"curies":[{"name":"wp","href":"https:\/\/api.w.org\/{rel}","templated":true}]}}